{"id":2723,"date":"2024-08-26T14:59:40","date_gmt":"2024-08-26T13:59:40","guid":{"rendered":"https:\/\/lucisnet.com\/servicos\/"},"modified":"2024-08-26T21:29:17","modified_gmt":"2024-08-26T20:29:17","slug":"servicos","status":"publish","type":"page","link":"https:\/\/lucisnet.com\/pt-pt\/servicos\/","title":{"rendered":"Servi\u00e7os"},"content":{"rendered":"\n<div class=\"wp-block-uagb-container uagb-block-a8606d6e alignfull uagb-is-root-container\"><div class=\"uagb-container-inner-blocks-wrap\">\n<div class=\"wp-block-uagb-info-box uagb-block-614c16d2 uagb-infobox__content-wrap  uagb-infobox-icon-above-title uagb-infobox-image-valign-top\"><div class=\"uagb-ifb-content\"><div class=\"uagb-ifb-title-wrap\"><h1 class=\"uagb-ifb-title-prefix\">Servi\u00e7os<\/h1><h4 class=\"uagb-ifb-title\">Fornecemos uma vasta gama de servi\u00e7os<\/h4><\/div><p class=\"uagb-ifb-desc\">Explore a nossa vasta gama de servi\u00e7os de TI, projetados para atender \u00e0s suas necessidades \u00fanicas. Se procura aprimorar a seguran\u00e7a, desenvolver uma presen\u00e7a online robusta ou otimizar a sua tecnologia, temos a experi\u00eancia para ajud\u00e1-lo a ter sucesso. <\/p><\/div><\/div>\n<\/div><\/div>\n\n\n\n<div class=\"wp-block-uagb-container uagb-block-ebeffa70 alignfull uagb-is-root-container\"><div class=\"uagb-container-inner-blocks-wrap\">\n<div class=\"wp-block-uagb-advanced-heading uagb-block-351c22b1\"><h2 class=\"uagb-heading-text\">Como podemos ajudar?<\/h2><p class=\"uagb-desc-text\">Explore as nossas solu\u00e7\u00f5es de TI personalizadas, concebidas para atender \u00e0s suas necessidades \u00fanicas. Desde consultoria estrat\u00e9gica at\u00e9 ciberseguran\u00e7a, estamos aqui para elevar a sua tecnologia. <\/p><\/div>\n\n\n\n<div class=\"wp-block-uagb-container uagb-block-4d4d48d6\">\n<div class=\"wp-block-uagb-container uagb-block-e35a1fde\">\n<div class=\"wp-block-uagb-info-box uagb-block-318f4bee uagb-infobox__content-wrap  uagb-infobox-icon-above-title uagb-infobox-image-valign-top\"><div class=\"uagb-ifb-content\"><div class=\"uagb-ifb-icon-wrap\"><svg xmlns=\"https:\/\/www.w3.org\/2000\/svg\" viewBox=\"0 0 640 512\"><path d=\"M334.6 217.4l-30 27.49C264 282.1 217.8 256.8 202.9 240.6C176 211.2 178.1 165.7 207.3 138.9L289.1 64H282.5C224.7 64 169.1 86.95 128.2 127.8L32 128.1c-17.6 0-32 14.39-32 31.98v159.8c0 17.59 14.4 32.04 31.1 32.04l114.3-.0604l90.5 81.82c27.5 22.37 67.75 18.11 90-9.255l18.12 15.25c15.88 12.1 39.38 10.5 52.38-5.369l31.38-38.6l5.374 4.498c13.75 11 33.88 9.002 45-4.748l9.576-11.83c11.08-13.7 8.979-33.75-4.701-44.86L334.6 217.4zM608 128.1l-96-.1257c-40.98-40.96-96.56-63.88-154.5-63.88L348.9 64c-8 0-15.62 3.197-21.62 8.568L229 162.3C228.9 162.5 228.8 162.7 228.8 162.7C212 178.5 212.4 203.3 226.6 218.7c9.625 10.5 35 21.62 56.13 2.75c0-.125 .25-.125 .375-.25l80-73.1c6.5-5.871 16.62-5.496 22.62 1s5.5 16.62-1 22.62l-26.12 23.87l145.6 118.1c12.12 9.992 19.5 23.49 22.12 37.98L608 351.7c17.6 0 32-14.38 32-31.98V160.1C640 142.4 625.7 128.1 608 128.1z\"><\/path><\/svg><\/div><div class=\"uagb-ifb-title-wrap\"><h4 class=\"uagb-ifb-title\"><strong>Consultoria<\/strong><\/h4><\/div><p class=\"uagb-ifb-desc\">Beneficie da nossa vasta experi\u00eancia em gest\u00e3o de TI. Oferecemos consultoria estrat\u00e9gica em TI tanto para indiv\u00edduos como para empresas, orientando-o no planeamento de infraestruturas, integra\u00e7\u00e3o de sistemas e otimiza\u00e7\u00e3o tecnol\u00f3gica para alcan\u00e7ar os seus objetivos. <\/p><\/div><\/div>\n<\/div>\n\n\n\n<div class=\"wp-block-uagb-container uagb-block-f0fb8981\">\n<div class=\"wp-block-uagb-info-box uagb-block-c2361e87 uagb-infobox__content-wrap  uagb-infobox-icon-above-title uagb-infobox-image-valign-top\"><div class=\"uagb-ifb-content\"><div class=\"uagb-ifb-icon-wrap\"><svg xmlns=\"https:\/\/www.w3.org\/2000\/svg\" viewBox=\"0 0 448 512\"><path d=\"M80 192V144C80 64.47 144.5 0 224 0C303.5 0 368 64.47 368 144V192H384C419.3 192 448 220.7 448 256V448C448 483.3 419.3 512 384 512H64C28.65 512 0 483.3 0 448V256C0 220.7 28.65 192 64 192H80zM144 192H304V144C304 99.82 268.2 64 224 64C179.8 64 144 99.82 144 144V192z\"><\/path><\/svg><\/div><div class=\"uagb-ifb-title-wrap\"><h4 class=\"uagb-ifb-title\"><strong><strong>Ciberseguran\u00e7a<\/strong><\/strong><\/h4><\/div><p class=\"uagb-ifb-desc\">Reforce a sua ciberseguran\u00e7a com os nossos servi\u00e7os especializados, quer seja um particular ou uma empresa. Oferecemos estrat\u00e9gias abrangentes, desde avalia\u00e7\u00f5es de amea\u00e7as at\u00e9 \u00e0 implementa\u00e7\u00e3o de protocolos de seguran\u00e7a robustos, garantindo que os seus ativos digitais estejam bem protegidos. <\/p><\/div><\/div>\n<\/div>\n\n\n\n<div class=\"wp-block-uagb-container uagb-block-fb564294\">\n<div class=\"wp-block-uagb-info-box uagb-block-0a431fb6 uagb-infobox__content-wrap  uagb-infobox-icon-above-title uagb-infobox-image-valign-top\"><div class=\"uagb-ifb-content\"><div class=\"uagb-ifb-icon-wrap\"><svg xmlns=\"https:\/\/www.w3.org\/2000\/svg\" viewBox=\"0 0 512 512\"><path d=\"M464 64C490.5 64 512 85.49 512 112C512 127.1 504.9 141.3 492.8 150.4L275.2 313.6C263.8 322.1 248.2 322.1 236.8 313.6L19.2 150.4C7.113 141.3 0 127.1 0 112C0 85.49 21.49 64 48 64H464zM217.6 339.2C240.4 356.3 271.6 356.3 294.4 339.2L512 176V384C512 419.3 483.3 448 448 448H64C28.65 448 0 419.3 0 384V176L217.6 339.2z\"><\/path><\/svg><\/div><div class=\"uagb-ifb-title-wrap\"><h4 class=\"uagb-ifb-title\">Solu\u00e7\u00f5es Microsoft 365<\/h4><\/div><p class=\"uagb-ifb-desc\">Otimize o Microsoft 365 para obter m\u00e1xima produtividade e seguran\u00e7a. Para al\u00e9m do email e da suite de produtividade, somos especializados na implementa\u00e7\u00e3o e gest\u00e3o do Entra ID (anteriormente Azure AD), Defender para Office, Intune, Acesso Condicional, Preven\u00e7\u00e3o de Perda de Dados (DLP), entre outros. <\/p><\/div><\/div>\n<\/div>\n\n\n\n<div class=\"wp-block-uagb-container uagb-block-44e897c5\">\n<div class=\"wp-block-uagb-info-box uagb-block-aab0c17a uagb-infobox__content-wrap  uagb-infobox-icon-above-title uagb-infobox-image-valign-top\"><div class=\"uagb-ifb-content\"><div class=\"uagb-ifb-icon-wrap\"><svg xmlns=\"https:\/\/www.w3.org\/2000\/svg\" viewBox=\"0 0 384 512\"><path d=\"M0 352c0 88.38 71.63 160 160 160h64c88.38 0 160-71.63 160-160V224H0V352zM176 0H160C71.63 0 0 71.62 0 160v32h176V0zM224 0h-16v192H384V160C384 71.62 312.4 0 224 0z\"><\/path><\/svg><\/div><div class=\"uagb-ifb-title-wrap\"><h4 class=\"uagb-ifb-title\"><strong><strong>Desenvolvimento Web e E-commerce<\/strong><\/strong><\/h4><\/div><p class=\"uagb-ifb-desc\">Estabele\u00e7a uma forte presen\u00e7a online com os nossos servi\u00e7os de desenvolvimento web e de e-commerce. Criamos websites profissionais, seguros e otimizados, adaptados \u00e0s necessidades de empreendedores individuais e empresas. <\/p><\/div><\/div>\n<\/div>\n\n\n\n<div class=\"wp-block-uagb-container uagb-block-6ecad6e4\">\n<div class=\"wp-block-uagb-info-box uagb-block-1e58973e uagb-infobox__content-wrap  uagb-infobox-icon-above-title uagb-infobox-image-valign-top\"><div class=\"uagb-ifb-content\"><div class=\"uagb-ifb-icon-wrap\"><svg xmlns=\"https:\/\/www.w3.org\/2000\/svg\" viewBox=\"0 0 576 512\"><path d=\"M172.1 40.16L268.1 3.76C280.9-1.089 295.1-1.089 307.9 3.76L403.9 40.16C425.6 48.41 440 69.25 440 92.52V204.7C441.3 205.1 442.6 205.5 443.9 205.1L539.9 242.4C561.6 250.6 576 271.5 576 294.7V413.9C576 436.1 562.9 456.2 542.5 465.1L446.5 507.3C432.2 513.7 415.8 513.7 401.5 507.3L288 457.5L174.5 507.3C160.2 513.7 143.8 513.7 129.5 507.3L33.46 465.1C13.13 456.2 0 436.1 0 413.9V294.7C0 271.5 14.39 250.6 36.15 242.4L132.1 205.1C133.4 205.5 134.7 205.1 136 204.7V92.52C136 69.25 150.4 48.41 172.1 40.16V40.16zM290.8 48.64C289 47.95 286.1 47.95 285.2 48.64L206.8 78.35L287.1 109.5L369.2 78.35L290.8 48.64zM392 210.6V121L309.6 152.6V241.8L392 210.6zM154.8 250.9C153 250.2 150.1 250.2 149.2 250.9L70.81 280.6L152 311.7L233.2 280.6L154.8 250.9zM173.6 455.3L256 419.1V323.2L173.6 354.8V455.3zM342.8 280.6L424 311.7L505.2 280.6L426.8 250.9C425 250.2 422.1 250.2 421.2 250.9L342.8 280.6zM528 413.9V323.2L445.6 354.8V455.3L523.2 421.2C526.1 419.9 528 417.1 528 413.9V413.9z\"><\/path><\/svg><\/div><div class=\"uagb-ifb-title-wrap\"><h4 class=\"uagb-ifb-title\"><strong><strong><strong>Servi\u00e7os Web (Dom\u00ednios, Alojamentos e SSL)<\/strong><\/strong><\/strong><\/h4><\/div><p class=\"uagb-ifb-desc\">Garanta uma presen\u00e7a online fluida e segura com os nossos servi\u00e7os web abrangentes. Oferecemos registo de dom\u00ednios fi\u00e1vel, alojamento de alto desempenho e certificados SSL, tudo personalizado para suportar as necessidades do seu website e proteger os seus dados. <\/p><\/div><\/div>\n<\/div>\n\n\n\n<div class=\"wp-block-uagb-container uagb-block-a021c308\">\n<div class=\"wp-block-uagb-info-box uagb-block-ddf22a23 uagb-infobox__content-wrap  uagb-infobox-icon-above-title uagb-infobox-image-valign-top\"><div class=\"uagb-ifb-content\"><div class=\"uagb-ifb-icon-wrap\"><svg xmlns=\"https:\/\/www.w3.org\/2000\/svg\" viewBox=\"0 0 640 512\"><path d=\"M400 32C426.5 32 448 53.49 448 80V336C448 362.5 426.5 384 400 384H266.7L277.3 416H352C369.7 416 384 430.3 384 448C384 465.7 369.7 480 352 480H96C78.33 480 64 465.7 64 448C64 430.3 78.33 416 96 416H170.7L181.3 384H48C21.49 384 0 362.5 0 336V80C0 53.49 21.49 32 48 32H400zM64 96V320H384V96H64zM592 32C618.5 32 640 53.49 640 80V432C640 458.5 618.5 480 592 480H528C501.5 480 480 458.5 480 432V80C480 53.49 501.5 32 528 32H592zM544 96C535.2 96 528 103.2 528 112C528 120.8 535.2 128 544 128H576C584.8 128 592 120.8 592 112C592 103.2 584.8 96 576 96H544zM544 192H576C584.8 192 592 184.8 592 176C592 167.2 584.8 160 576 160H544C535.2 160 528 167.2 528 176C528 184.8 535.2 192 544 192zM560 400C577.7 400 592 385.7 592 368C592 350.3 577.7 336 560 336C542.3 336 528 350.3 528 368C528 385.7 542.3 400 560 400z\"><\/path><\/svg><\/div><div class=\"uagb-ifb-title-wrap\"><h4 class=\"uagb-ifb-title\">Servi\u00e7os de TI Personalizados<\/h4><\/div><p class=\"uagb-ifb-desc\">Aproveite a nossa vasta experi\u00eancia em TI. Desde redes e administra\u00e7\u00e3o de sistemas a solu\u00e7\u00f5es na Cloud, engenharia de software e suporte de TI, oferecemos servi\u00e7os abrangentes, concebidos para melhorar e proteger o seu ambiente tecnol\u00f3gico. <\/p><\/div><\/div>\n<\/div>\n<\/div>\n<\/div><\/div>\n\n\n\n<div class=\"wp-block-uagb-container uagb-block-b997312a alignfull uagb-is-root-container\"><div class=\"uagb-container-inner-blocks-wrap\">\n<div class=\"wp-block-uagb-container uagb-layout-grid uagb-block-005fba1f\">\n<div class=\"wp-block-uagb-advanced-heading uagb-block-12865cae\"><h3 class=\"uagb-heading-text\">Gostaria de iniciar um projeto connosco?<\/h3><p class=\"uagb-desc-text\">Pronto para transformar a sua vis\u00e3o em realidade? Vamos discutir como podemos dar vida ao seu projeto &#8211; entre em contacto connosco hoje! <\/p><\/div>\n\n\n\n<div class=\"wp-block-uagb-buttons uagb-buttons__outer-wrap uagb-btn__default-btn uagb-btn-tablet__default-btn uagb-btn-mobile__default-btn uagb-block-2c953428\"><div class=\"uagb-buttons__wrap uagb-buttons-layout-wrap \">\n<div class=\"wp-block-uagb-buttons-child uagb-buttons__outer-wrap uagb-block-8bb4b826 wp-block-button\"><div class=\"uagb-button__wrapper\"><a class=\"uagb-buttons-repeater wp-block-button__link\" aria-label=\"\" href=\"#\" rel=\"follow noopener\" target=\"_self\" role=\"button\"><div class=\"uagb-button__link\">+351 22 094 14 67<\/div><\/a><\/div><\/div>\n<\/div><\/div>\n<\/div>\n<\/div><\/div>\n","protected":false},"excerpt":{"rendered":"<p>Como podemos ajudar? Explore as nossas solu\u00e7\u00f5es de TI personalizadas, concebidas para atender \u00e0s suas necessidades \u00fanicas. Desde consultoria estrat\u00e9gica at\u00e9 ciberseguran\u00e7a, estamos aqui para elevar a sua tecnologia. Gostaria de iniciar um projeto connosco? Pronto para transformar a sua vis\u00e3o em realidade? Vamos discutir como podemos dar vida ao seu projeto &#8211; entre em [&hellip;]<\/p>\n","protected":false},"author":1,"featured_media":0,"parent":0,"menu_order":0,"comment_status":"closed","ping_status":"closed","template":"","meta":{"_coblocks_attr":"","_coblocks_dimensions":"","_coblocks_responsive_height":"","_coblocks_accordion_ie_support":"","_uag_custom_page_level_css":"","site-sidebar-layout":"no-sidebar","site-content-layout":"page-builder","ast-site-content-layout":"full-width-container","site-content-style":"unboxed","site-sidebar-style":"unboxed","ast-global-header-display":"","ast-banner-title-visibility":"","ast-main-header-display":"","ast-hfb-above-header-display":"","ast-hfb-below-header-display":"","ast-hfb-mobile-header-display":"","site-post-title":"disabled","ast-breadcrumbs-content":"","ast-featured-img":"disabled","footer-sml-layout":"","ast-disable-related-posts":"","theme-transparent-header-meta":"enabled","adv-header-id-meta":"","stick-header-meta":"","header-above-stick-meta":"","header-main-stick-meta":"","header-below-stick-meta":"","astra-migrate-meta-layouts":"set","ast-page-background-enabled":"default","ast-page-background-meta":{"desktop":{"background-color":"","background-image":"","background-repeat":"repeat","background-position":"center center","background-size":"auto","background-attachment":"scroll","background-type":"","background-media":"","overlay-type":"","overlay-color":"","overlay-opacity":"","overlay-gradient":""},"tablet":{"background-color":"","background-image":"","background-repeat":"repeat","background-position":"center center","background-size":"auto","background-attachment":"scroll","background-type":"","background-media":"","overlay-type":"","overlay-color":"","overlay-opacity":"","overlay-gradient":""},"mobile":{"background-color":"","background-image":"","background-repeat":"repeat","background-position":"center center","background-size":"auto","background-attachment":"scroll","background-type":"","background-media":"","overlay-type":"","overlay-color":"","overlay-opacity":"","overlay-gradient":""}},"ast-content-background-meta":{"desktop":{"background-color":"var(--ast-global-color-5)","background-image":"","background-repeat":"repeat","background-position":"center center","background-size":"auto","background-attachment":"scroll","background-type":"","background-media":"","overlay-type":"","overlay-color":"","overlay-opacity":"","overlay-gradient":""},"tablet":{"background-color":"var(--ast-global-color-5)","background-image":"","background-repeat":"repeat","background-position":"center center","background-size":"auto","background-attachment":"scroll","background-type":"","background-media":"","overlay-type":"","overlay-color":"","overlay-opacity":"","overlay-gradient":""},"mobile":{"background-color":"var(--ast-global-color-5)","background-image":"","background-repeat":"repeat","background-position":"center center","background-size":"auto","background-attachment":"scroll","background-type":"","background-media":"","overlay-type":"","overlay-color":"","overlay-opacity":"","overlay-gradient":""}},"footnotes":""},"class_list":["post-2723","page","type-page","status-publish","hentry"],"yoast_head":"<!-- This site is optimized with the Yoast SEO plugin v27.4 - https:\/\/yoast.com\/product\/yoast-seo-wordpress\/ -->\n<title>Servi\u00e7os - Lucisnet<\/title>\n<meta name=\"robots\" content=\"index, follow, max-snippet:-1, max-image-preview:large, max-video-preview:-1\" \/>\n<link rel=\"canonical\" href=\"https:\/\/lucisnet.com\/pt-pt\/servicos\/\" \/>\n<meta property=\"og:locale\" content=\"pt_PT\" \/>\n<meta property=\"og:type\" content=\"article\" \/>\n<meta property=\"og:title\" content=\"Servi\u00e7os - Lucisnet\" \/>\n<meta property=\"og:description\" content=\"Como podemos ajudar? Explore as nossas solu\u00e7\u00f5es de TI personalizadas, concebidas para atender \u00e0s suas necessidades \u00fanicas. Desde consultoria estrat\u00e9gica at\u00e9 ciberseguran\u00e7a, estamos aqui para elevar a sua tecnologia. Gostaria de iniciar um projeto connosco? Pronto para transformar a sua vis\u00e3o em realidade? Vamos discutir como podemos dar vida ao seu projeto &#8211; entre em [&hellip;]\" \/>\n<meta property=\"og:url\" content=\"https:\/\/lucisnet.com\/pt-pt\/servicos\/\" \/>\n<meta property=\"og:site_name\" content=\"Lucisnet\" \/>\n<meta property=\"article:modified_time\" content=\"2024-08-26T20:29:17+00:00\" \/>\n<meta name=\"twitter:card\" content=\"summary_large_image\" \/>\n<meta name=\"twitter:label1\" content=\"Tempo estimado de leitura\" \/>\n\t<meta name=\"twitter:data1\" content=\"2 minutos\" \/>\n<script type=\"application\/ld+json\" class=\"yoast-schema-graph\">{\"@context\":\"https:\\\/\\\/schema.org\",\"@graph\":[{\"@type\":\"WebPage\",\"@id\":\"https:\\\/\\\/lucisnet.com\\\/pt-pt\\\/servicos\\\/\",\"url\":\"https:\\\/\\\/lucisnet.com\\\/pt-pt\\\/servicos\\\/\",\"name\":\"Servi\u00e7os - Lucisnet\",\"isPartOf\":{\"@id\":\"https:\\\/\\\/lucisnet.com\\\/pt-pt\\\/#website\"},\"datePublished\":\"2024-08-26T13:59:40+00:00\",\"dateModified\":\"2024-08-26T20:29:17+00:00\",\"breadcrumb\":{\"@id\":\"https:\\\/\\\/lucisnet.com\\\/pt-pt\\\/servicos\\\/#breadcrumb\"},\"inLanguage\":\"pt-PT\",\"potentialAction\":[{\"@type\":\"ReadAction\",\"target\":[\"https:\\\/\\\/lucisnet.com\\\/pt-pt\\\/servicos\\\/\"]}]},{\"@type\":\"BreadcrumbList\",\"@id\":\"https:\\\/\\\/lucisnet.com\\\/pt-pt\\\/servicos\\\/#breadcrumb\",\"itemListElement\":[{\"@type\":\"ListItem\",\"position\":1,\"name\":\"Home\",\"item\":\"https:\\\/\\\/lucisnet.com\\\/pt-pt\\\/home\\\/\"},{\"@type\":\"ListItem\",\"position\":2,\"name\":\"Servi\u00e7os\"}]},{\"@type\":\"WebSite\",\"@id\":\"https:\\\/\\\/lucisnet.com\\\/pt-pt\\\/#website\",\"url\":\"https:\\\/\\\/lucisnet.com\\\/pt-pt\\\/\",\"name\":\"Lucisnet\",\"description\":\"\",\"publisher\":{\"@id\":\"https:\\\/\\\/lucisnet.com\\\/pt-pt\\\/#organization\"},\"potentialAction\":[{\"@type\":\"SearchAction\",\"target\":{\"@type\":\"EntryPoint\",\"urlTemplate\":\"https:\\\/\\\/lucisnet.com\\\/pt-pt\\\/?s={search_term_string}\"},\"query-input\":{\"@type\":\"PropertyValueSpecification\",\"valueRequired\":true,\"valueName\":\"search_term_string\"}}],\"inLanguage\":\"pt-PT\"},{\"@type\":\"Organization\",\"@id\":\"https:\\\/\\\/lucisnet.com\\\/pt-pt\\\/#organization\",\"name\":\"Lucisnet\",\"url\":\"https:\\\/\\\/lucisnet.com\\\/pt-pt\\\/\",\"logo\":{\"@type\":\"ImageObject\",\"inLanguage\":\"pt-PT\",\"@id\":\"https:\\\/\\\/lucisnet.com\\\/pt-pt\\\/#\\\/schema\\\/logo\\\/image\\\/\",\"url\":\"https:\\\/\\\/lucisnet.com\\\/wp-content\\\/uploads\\\/2024\\\/08\\\/Lucisnet.png\",\"contentUrl\":\"https:\\\/\\\/lucisnet.com\\\/wp-content\\\/uploads\\\/2024\\\/08\\\/Lucisnet.png\",\"width\":150,\"height\":40,\"caption\":\"Lucisnet\"},\"image\":{\"@id\":\"https:\\\/\\\/lucisnet.com\\\/pt-pt\\\/#\\\/schema\\\/logo\\\/image\\\/\"}}]}<\/script>\n<!-- \/ Yoast SEO plugin. -->","yoast_head_json":{"title":"Servi\u00e7os - Lucisnet","robots":{"index":"index","follow":"follow","max-snippet":"max-snippet:-1","max-image-preview":"max-image-preview:large","max-video-preview":"max-video-preview:-1"},"canonical":"https:\/\/lucisnet.com\/pt-pt\/servicos\/","og_locale":"pt_PT","og_type":"article","og_title":"Servi\u00e7os - Lucisnet","og_description":"Como podemos ajudar? Explore as nossas solu\u00e7\u00f5es de TI personalizadas, concebidas para atender \u00e0s suas necessidades \u00fanicas. Desde consultoria estrat\u00e9gica at\u00e9 ciberseguran\u00e7a, estamos aqui para elevar a sua tecnologia. Gostaria de iniciar um projeto connosco? Pronto para transformar a sua vis\u00e3o em realidade? Vamos discutir como podemos dar vida ao seu projeto &#8211; entre em [&hellip;]","og_url":"https:\/\/lucisnet.com\/pt-pt\/servicos\/","og_site_name":"Lucisnet","article_modified_time":"2024-08-26T20:29:17+00:00","twitter_card":"summary_large_image","twitter_misc":{"Tempo estimado de leitura":"2 minutos"},"schema":{"@context":"https:\/\/schema.org","@graph":[{"@type":"WebPage","@id":"https:\/\/lucisnet.com\/pt-pt\/servicos\/","url":"https:\/\/lucisnet.com\/pt-pt\/servicos\/","name":"Servi\u00e7os - Lucisnet","isPartOf":{"@id":"https:\/\/lucisnet.com\/pt-pt\/#website"},"datePublished":"2024-08-26T13:59:40+00:00","dateModified":"2024-08-26T20:29:17+00:00","breadcrumb":{"@id":"https:\/\/lucisnet.com\/pt-pt\/servicos\/#breadcrumb"},"inLanguage":"pt-PT","potentialAction":[{"@type":"ReadAction","target":["https:\/\/lucisnet.com\/pt-pt\/servicos\/"]}]},{"@type":"BreadcrumbList","@id":"https:\/\/lucisnet.com\/pt-pt\/servicos\/#breadcrumb","itemListElement":[{"@type":"ListItem","position":1,"name":"Home","item":"https:\/\/lucisnet.com\/pt-pt\/home\/"},{"@type":"ListItem","position":2,"name":"Servi\u00e7os"}]},{"@type":"WebSite","@id":"https:\/\/lucisnet.com\/pt-pt\/#website","url":"https:\/\/lucisnet.com\/pt-pt\/","name":"Lucisnet","description":"","publisher":{"@id":"https:\/\/lucisnet.com\/pt-pt\/#organization"},"potentialAction":[{"@type":"SearchAction","target":{"@type":"EntryPoint","urlTemplate":"https:\/\/lucisnet.com\/pt-pt\/?s={search_term_string}"},"query-input":{"@type":"PropertyValueSpecification","valueRequired":true,"valueName":"search_term_string"}}],"inLanguage":"pt-PT"},{"@type":"Organization","@id":"https:\/\/lucisnet.com\/pt-pt\/#organization","name":"Lucisnet","url":"https:\/\/lucisnet.com\/pt-pt\/","logo":{"@type":"ImageObject","inLanguage":"pt-PT","@id":"https:\/\/lucisnet.com\/pt-pt\/#\/schema\/logo\/image\/","url":"https:\/\/lucisnet.com\/wp-content\/uploads\/2024\/08\/Lucisnet.png","contentUrl":"https:\/\/lucisnet.com\/wp-content\/uploads\/2024\/08\/Lucisnet.png","width":150,"height":40,"caption":"Lucisnet"},"image":{"@id":"https:\/\/lucisnet.com\/pt-pt\/#\/schema\/logo\/image\/"}}]}},"uagb_featured_image_src":{"full":false,"thumbnail":false,"medium":false,"medium_large":false,"large":false,"1536x1536":false,"2048x2048":false},"uagb_author_info":{"display_name":"Lucisnet","author_link":"https:\/\/lucisnet.com\/pt-pt\/author\/admin\/"},"uagb_comment_info":0,"uagb_excerpt":"Como podemos ajudar? Explore as nossas solu\u00e7\u00f5es de TI personalizadas, concebidas para atender \u00e0s suas necessidades \u00fanicas. Desde consultoria estrat\u00e9gica at\u00e9 ciberseguran\u00e7a, estamos aqui para elevar a sua tecnologia. Gostaria de iniciar um projeto connosco? Pronto para transformar a sua vis\u00e3o em realidade? Vamos discutir como podemos dar vida ao seu projeto &#8211; entre em&hellip;","_links":{"self":[{"href":"https:\/\/lucisnet.com\/pt-pt\/wp-json\/wp\/v2\/pages\/2723","targetHints":{"allow":["GET"]}}],"collection":[{"href":"https:\/\/lucisnet.com\/pt-pt\/wp-json\/wp\/v2\/pages"}],"about":[{"href":"https:\/\/lucisnet.com\/pt-pt\/wp-json\/wp\/v2\/types\/page"}],"author":[{"embeddable":true,"href":"https:\/\/lucisnet.com\/pt-pt\/wp-json\/wp\/v2\/users\/1"}],"replies":[{"embeddable":true,"href":"https:\/\/lucisnet.com\/pt-pt\/wp-json\/wp\/v2\/comments?post=2723"}],"version-history":[{"count":6,"href":"https:\/\/lucisnet.com\/pt-pt\/wp-json\/wp\/v2\/pages\/2723\/revisions"}],"predecessor-version":[{"id":2759,"href":"https:\/\/lucisnet.com\/pt-pt\/wp-json\/wp\/v2\/pages\/2723\/revisions\/2759"}],"wp:attachment":[{"href":"https:\/\/lucisnet.com\/pt-pt\/wp-json\/wp\/v2\/media?parent=2723"}],"curies":[{"name":"wp","href":"https:\/\/api.w.org\/{rel}","templated":true}]}}