{"id":2725,"date":"2024-08-22T12:01:59","date_gmt":"2024-08-22T11:01:59","guid":{"rendered":"https:\/\/lucisnet.com\/politica-de-privacidade\/"},"modified":"2024-08-26T17:14:50","modified_gmt":"2024-08-26T16:14:50","slug":"politica-de-privacidade","status":"publish","type":"page","link":"https:\/\/lucisnet.com\/pt-pt\/politica-de-privacidade\/","title":{"rendered":"Pol\u00edtica de Privacidade"},"content":{"rendered":"\n<h2 class=\"wp-block-heading\">Quem somos<\/h2>\n\n<p>O endere\u00e7o do nosso site \u00e9: https:\/\/lucisnet.com.<\/p>\n\n<h2 class=\"wp-block-heading\">Coment\u00e1rios<\/h2>\n\n<p>Quando os visitantes deixam coment\u00e1rios no site, armazenamos os dados mostrados no formul\u00e1rio de coment\u00e1rios, bem como o endere\u00e7o IP do visitante e a string do agente de utilizador do navegador para ajudar na dete\u00e7\u00e3o de spam<\/p>\n\n<p>Uma string anonimizada criada a partir do seu endere\u00e7o de e-mail (tamb\u00e9m chamada de hash) pode ser fornecida ao servi\u00e7o Gravatar para verificar se o est\u00e1 a utilizar. A pol\u00edtica de privacidade do servi\u00e7o Gravatar est\u00e1 dispon\u00edvel aqui: https:\/\/automattic.com\/privacy\/. Ap\u00f3s a aprova\u00e7\u00e3o do seu coment\u00e1rio, a sua foto de perfil fica vis\u00edvel ao p\u00fablico no contexto do seu coment\u00e1rio. <\/p>\n\n<h2 class=\"wp-block-heading\">Media<\/h2>\n\n<p>Se carregar imagens para o site, deve evitar carregar imagens com dados de localiza\u00e7\u00e3o embutidos (EXIF GPS) inclu\u00eddos. Os visitantes do site podem descarregar e extrair quaisquer dados de localiza\u00e7\u00e3o das imagens no site. <\/p>\n\n<h2 class=\"wp-block-heading\">Cookies<\/h2>\n\n<p>Se deixar um coment\u00e1rio no site, pode optar por guardar o seu nome, endere\u00e7o de email e website em cookies. Estes s\u00e3o utilizados para sua conveni\u00eancia, de modo a que n\u00e3o precise de preencher os seus dados novamente ao deixar outro coment\u00e1rio. Estes cookies ir\u00e3o durar um ano.  <\/p>\n\n<p>Se visitar a p\u00e1gina de login, vamos definir um cookie tempor\u00e1rio para determinar se o seu navegador aceita cookies. Este cookie n\u00e3o cont\u00e9m dados pessoais e \u00e9 descartado quando fechar o seu navegador. <\/p>\n\n<p>Quando fizer login, tamb\u00e9m iremos configurar v\u00e1rios cookies para guardar as suas informa\u00e7\u00f5es de login, assim como as suas escolhas de exibi\u00e7\u00e3o no ecr\u00e3. Os cookies de login duram dois dias, e os cookies de op\u00e7\u00f5es de ecr\u00e3 duram um ano. Se selecionar a op\u00e7\u00e3o \u201cLembrar-me\u201d, o seu login permanecer\u00e1 ativo por duas semanas. Se sair da sua conta, os cookies de login ser\u00e3o removidos.   <\/p>\n\n<p>Se editar ou publicar um artigo, um cookie adicional ser\u00e1 guardado no seu browser. Este cookie n\u00e3o inclui dados pessoais e simplesmente indica o ID do post do artigo que acabou de editar. Expira ap\u00f3s 1 dia.  <\/p>\n\n<h2 class=\"wp-block-heading\">Conte\u00fado incorporado de outros websites<\/h2>\n\n<p>Os artigos neste site podem incluir conte\u00fado incorporado (por exemplo, v\u00eddeos, imagens, artigos, etc.). O conte\u00fado incorporado de outros sites comporta-se da mesma forma como se o visitante tivesse visitado o outro site diretamente. <\/p>\n\n<p>Esses sites podem recolher dados sobre si, usar cookies, incorporar rastreamento adicional de terceiros e monitorizar a sua intera\u00e7\u00e3o com esse conte\u00fado incorporado, incluindo o rastreamento da sua intera\u00e7\u00e3o com o conte\u00fado incorporado se tiver uma conta e estiver com login feito nesse site.<\/p>\n\n<h2 class=\"wp-block-heading\">Com quem partilhamos os seus dados<\/h2>\n\n<p>Se solicitar uma redefini\u00e7\u00e3o de senha, o seu endere\u00e7o IP ser\u00e1 inclu\u00eddo no email de redefini\u00e7\u00e3o.<\/p>\n\n<h2 class=\"wp-block-heading\">Por quanto tempo retemos os seus dados<\/h2>\n\n<p>Se deixar um coment\u00e1rio, o coment\u00e1rio e os seus metadados s\u00e3o retidos indefinidamente. Isto \u00e9 para que possamos reconhecer e aprovar automaticamente quaisquer coment\u00e1rios de acompanhamento, em vez de terem de passar por uma fila de modera\u00e7\u00e3o. <\/p>\n\n<p>Para os utilizadores que se registam no nosso site (se houver), tamb\u00e9m armazenamos as informa\u00e7\u00f5es pessoais que fornecem no seu perfil de utilizador. Todos os utilizadores podem ver, editar ou apagar as suas informa\u00e7\u00f5es pessoais a qualquer momento (exceto o nome de utilizador, que n\u00e3o pode ser alterado). Os administradores do site tamb\u00e9m podem ver e editar essas informa\u00e7\u00f5es.  <\/p>\n\n<h2 class=\"wp-block-heading\">Quais s\u00e3o os seus direitos sobre os seus dados<\/h2>\n\n<p>Se tiver uma conta neste site ou tiver deixado coment\u00e1rios, pode solicitar receber um arquivo exportado dos dados pessoais que mantemos sobre si, incluindo quaisquer dados que nos tenha fornecido. Tamb\u00e9m pode solicitar que sejam apagados quaisquer dados pessoais que tenhamos sobre si. Isso n\u00e3o inclui quaisquer dados que sejamos obrigados a manter por motivos administrativos, legais ou de seguran\u00e7a.<br\/>  <\/p>\n\n<h2 class=\"wp-block-heading\">Para onde s\u00e3o enviados os seus dados<\/h2>\n\n<p>Os coment\u00e1rios dos visitantes podem ser verificados atrav\u00e9s de um servi\u00e7o automatizado de dete\u00e7\u00e3o de spam.<\/p>\n","protected":false},"excerpt":{"rendered":"<p>Quem somos O endere\u00e7o do nosso site \u00e9: https:\/\/lucisnet.com. Coment\u00e1rios Quando os visitantes deixam coment\u00e1rios no site, armazenamos os dados mostrados no formul\u00e1rio de coment\u00e1rios, bem como o endere\u00e7o IP do visitante e a string do agente de utilizador do navegador para ajudar na dete\u00e7\u00e3o de spam Uma string anonimizada criada a partir do seu [&hellip;]<\/p>\n","protected":false},"author":1,"featured_media":0,"parent":0,"menu_order":0,"comment_status":"closed","ping_status":"open","template":"","meta":{"_coblocks_attr":"","_coblocks_dimensions":"","_coblocks_responsive_height":"","_coblocks_accordion_ie_support":"","_uag_custom_page_level_css":"","site-sidebar-layout":"default","site-content-layout":"","ast-site-content-layout":"default","site-content-style":"default","site-sidebar-style":"default","ast-global-header-display":"","ast-banner-title-visibility":"","ast-main-header-display":"","ast-hfb-above-header-display":"","ast-hfb-below-header-display":"","ast-hfb-mobile-header-display":"","site-post-title":"","ast-breadcrumbs-content":"","ast-featured-img":"","footer-sml-layout":"","ast-disable-related-posts":"","theme-transparent-header-meta":"","adv-header-id-meta":"","stick-header-meta":"","header-above-stick-meta":"","header-main-stick-meta":"","header-below-stick-meta":"","astra-migrate-meta-layouts":"default","ast-page-background-enabled":"default","ast-page-background-meta":{"desktop":{"background-color":"","background-image":"","background-repeat":"repeat","background-position":"center center","background-size":"auto","background-attachment":"scroll","background-type":"","background-media":"","overlay-type":"","overlay-color":"","overlay-opacity":"","overlay-gradient":""},"tablet":{"background-color":"","background-image":"","background-repeat":"repeat","background-position":"center center","background-size":"auto","background-attachment":"scroll","background-type":"","background-media":"","overlay-type":"","overlay-color":"","overlay-opacity":"","overlay-gradient":""},"mobile":{"background-color":"","background-image":"","background-repeat":"repeat","background-position":"center center","background-size":"auto","background-attachment":"scroll","background-type":"","background-media":"","overlay-type":"","overlay-color":"","overlay-opacity":"","overlay-gradient":""}},"ast-content-background-meta":{"desktop":{"background-color":"var(--ast-global-color-5)","background-image":"","background-repeat":"repeat","background-position":"center center","background-size":"auto","background-attachment":"scroll","background-type":"","background-media":"","overlay-type":"","overlay-color":"","overlay-opacity":"","overlay-gradient":""},"tablet":{"background-color":"var(--ast-global-color-5)","background-image":"","background-repeat":"repeat","background-position":"center center","background-size":"auto","background-attachment":"scroll","background-type":"","background-media":"","overlay-type":"","overlay-color":"","overlay-opacity":"","overlay-gradient":""},"mobile":{"background-color":"var(--ast-global-color-5)","background-image":"","background-repeat":"repeat","background-position":"center center","background-size":"auto","background-attachment":"scroll","background-type":"","background-media":"","overlay-type":"","overlay-color":"","overlay-opacity":"","overlay-gradient":""}},"footnotes":""},"class_list":["post-2725","page","type-page","status-publish","hentry"],"yoast_head":"<!-- This site is optimized with the Yoast SEO plugin v27.4 - https:\/\/yoast.com\/product\/yoast-seo-wordpress\/ -->\n<title>Pol\u00edtica de Privacidade - Lucisnet<\/title>\n<meta name=\"robots\" content=\"index, follow, max-snippet:-1, max-image-preview:large, max-video-preview:-1\" \/>\n<link rel=\"canonical\" href=\"https:\/\/lucisnet.com\/pt-pt\/politica-de-privacidade\/\" \/>\n<meta property=\"og:locale\" content=\"pt_PT\" \/>\n<meta property=\"og:type\" content=\"article\" \/>\n<meta property=\"og:title\" content=\"Pol\u00edtica de Privacidade - Lucisnet\" \/>\n<meta property=\"og:description\" content=\"Quem somos O endere\u00e7o do nosso site \u00e9: https:\/\/lucisnet.com. Coment\u00e1rios Quando os visitantes deixam coment\u00e1rios no site, armazenamos os dados mostrados no formul\u00e1rio de coment\u00e1rios, bem como o endere\u00e7o IP do visitante e a string do agente de utilizador do navegador para ajudar na dete\u00e7\u00e3o de spam Uma string anonimizada criada a partir do seu [&hellip;]\" \/>\n<meta property=\"og:url\" content=\"https:\/\/lucisnet.com\/pt-pt\/politica-de-privacidade\/\" \/>\n<meta property=\"og:site_name\" content=\"Lucisnet\" \/>\n<meta property=\"article:modified_time\" content=\"2024-08-26T16:14:50+00:00\" \/>\n<meta name=\"twitter:card\" content=\"summary_large_image\" \/>\n<meta name=\"twitter:label1\" content=\"Tempo estimado de leitura\" \/>\n\t<meta name=\"twitter:data1\" content=\"4 minutos\" \/>\n<script type=\"application\/ld+json\" class=\"yoast-schema-graph\">{\"@context\":\"https:\\\/\\\/schema.org\",\"@graph\":[{\"@type\":\"WebPage\",\"@id\":\"https:\\\/\\\/lucisnet.com\\\/pt-pt\\\/politica-de-privacidade\\\/\",\"url\":\"https:\\\/\\\/lucisnet.com\\\/pt-pt\\\/politica-de-privacidade\\\/\",\"name\":\"Pol\u00edtica de Privacidade - Lucisnet\",\"isPartOf\":{\"@id\":\"https:\\\/\\\/lucisnet.com\\\/pt-pt\\\/#website\"},\"datePublished\":\"2024-08-22T11:01:59+00:00\",\"dateModified\":\"2024-08-26T16:14:50+00:00\",\"breadcrumb\":{\"@id\":\"https:\\\/\\\/lucisnet.com\\\/pt-pt\\\/politica-de-privacidade\\\/#breadcrumb\"},\"inLanguage\":\"pt-PT\",\"potentialAction\":[{\"@type\":\"ReadAction\",\"target\":[\"https:\\\/\\\/lucisnet.com\\\/pt-pt\\\/politica-de-privacidade\\\/\"]}]},{\"@type\":\"BreadcrumbList\",\"@id\":\"https:\\\/\\\/lucisnet.com\\\/pt-pt\\\/politica-de-privacidade\\\/#breadcrumb\",\"itemListElement\":[{\"@type\":\"ListItem\",\"position\":1,\"name\":\"Home\",\"item\":\"https:\\\/\\\/lucisnet.com\\\/pt-pt\\\/home\\\/\"},{\"@type\":\"ListItem\",\"position\":2,\"name\":\"Pol\u00edtica de Privacidade\"}]},{\"@type\":\"WebSite\",\"@id\":\"https:\\\/\\\/lucisnet.com\\\/pt-pt\\\/#website\",\"url\":\"https:\\\/\\\/lucisnet.com\\\/pt-pt\\\/\",\"name\":\"Lucisnet\",\"description\":\"\",\"publisher\":{\"@id\":\"https:\\\/\\\/lucisnet.com\\\/pt-pt\\\/#organization\"},\"potentialAction\":[{\"@type\":\"SearchAction\",\"target\":{\"@type\":\"EntryPoint\",\"urlTemplate\":\"https:\\\/\\\/lucisnet.com\\\/pt-pt\\\/?s={search_term_string}\"},\"query-input\":{\"@type\":\"PropertyValueSpecification\",\"valueRequired\":true,\"valueName\":\"search_term_string\"}}],\"inLanguage\":\"pt-PT\"},{\"@type\":\"Organization\",\"@id\":\"https:\\\/\\\/lucisnet.com\\\/pt-pt\\\/#organization\",\"name\":\"Lucisnet\",\"url\":\"https:\\\/\\\/lucisnet.com\\\/pt-pt\\\/\",\"logo\":{\"@type\":\"ImageObject\",\"inLanguage\":\"pt-PT\",\"@id\":\"https:\\\/\\\/lucisnet.com\\\/pt-pt\\\/#\\\/schema\\\/logo\\\/image\\\/\",\"url\":\"https:\\\/\\\/lucisnet.com\\\/wp-content\\\/uploads\\\/2024\\\/08\\\/Lucisnet.png\",\"contentUrl\":\"https:\\\/\\\/lucisnet.com\\\/wp-content\\\/uploads\\\/2024\\\/08\\\/Lucisnet.png\",\"width\":150,\"height\":40,\"caption\":\"Lucisnet\"},\"image\":{\"@id\":\"https:\\\/\\\/lucisnet.com\\\/pt-pt\\\/#\\\/schema\\\/logo\\\/image\\\/\"}}]}<\/script>\n<!-- \/ Yoast SEO plugin. -->","yoast_head_json":{"title":"Pol\u00edtica de Privacidade - Lucisnet","robots":{"index":"index","follow":"follow","max-snippet":"max-snippet:-1","max-image-preview":"max-image-preview:large","max-video-preview":"max-video-preview:-1"},"canonical":"https:\/\/lucisnet.com\/pt-pt\/politica-de-privacidade\/","og_locale":"pt_PT","og_type":"article","og_title":"Pol\u00edtica de Privacidade - Lucisnet","og_description":"Quem somos O endere\u00e7o do nosso site \u00e9: https:\/\/lucisnet.com. Coment\u00e1rios Quando os visitantes deixam coment\u00e1rios no site, armazenamos os dados mostrados no formul\u00e1rio de coment\u00e1rios, bem como o endere\u00e7o IP do visitante e a string do agente de utilizador do navegador para ajudar na dete\u00e7\u00e3o de spam Uma string anonimizada criada a partir do seu [&hellip;]","og_url":"https:\/\/lucisnet.com\/pt-pt\/politica-de-privacidade\/","og_site_name":"Lucisnet","article_modified_time":"2024-08-26T16:14:50+00:00","twitter_card":"summary_large_image","twitter_misc":{"Tempo estimado de leitura":"4 minutos"},"schema":{"@context":"https:\/\/schema.org","@graph":[{"@type":"WebPage","@id":"https:\/\/lucisnet.com\/pt-pt\/politica-de-privacidade\/","url":"https:\/\/lucisnet.com\/pt-pt\/politica-de-privacidade\/","name":"Pol\u00edtica de Privacidade - Lucisnet","isPartOf":{"@id":"https:\/\/lucisnet.com\/pt-pt\/#website"},"datePublished":"2024-08-22T11:01:59+00:00","dateModified":"2024-08-26T16:14:50+00:00","breadcrumb":{"@id":"https:\/\/lucisnet.com\/pt-pt\/politica-de-privacidade\/#breadcrumb"},"inLanguage":"pt-PT","potentialAction":[{"@type":"ReadAction","target":["https:\/\/lucisnet.com\/pt-pt\/politica-de-privacidade\/"]}]},{"@type":"BreadcrumbList","@id":"https:\/\/lucisnet.com\/pt-pt\/politica-de-privacidade\/#breadcrumb","itemListElement":[{"@type":"ListItem","position":1,"name":"Home","item":"https:\/\/lucisnet.com\/pt-pt\/home\/"},{"@type":"ListItem","position":2,"name":"Pol\u00edtica de Privacidade"}]},{"@type":"WebSite","@id":"https:\/\/lucisnet.com\/pt-pt\/#website","url":"https:\/\/lucisnet.com\/pt-pt\/","name":"Lucisnet","description":"","publisher":{"@id":"https:\/\/lucisnet.com\/pt-pt\/#organization"},"potentialAction":[{"@type":"SearchAction","target":{"@type":"EntryPoint","urlTemplate":"https:\/\/lucisnet.com\/pt-pt\/?s={search_term_string}"},"query-input":{"@type":"PropertyValueSpecification","valueRequired":true,"valueName":"search_term_string"}}],"inLanguage":"pt-PT"},{"@type":"Organization","@id":"https:\/\/lucisnet.com\/pt-pt\/#organization","name":"Lucisnet","url":"https:\/\/lucisnet.com\/pt-pt\/","logo":{"@type":"ImageObject","inLanguage":"pt-PT","@id":"https:\/\/lucisnet.com\/pt-pt\/#\/schema\/logo\/image\/","url":"https:\/\/lucisnet.com\/wp-content\/uploads\/2024\/08\/Lucisnet.png","contentUrl":"https:\/\/lucisnet.com\/wp-content\/uploads\/2024\/08\/Lucisnet.png","width":150,"height":40,"caption":"Lucisnet"},"image":{"@id":"https:\/\/lucisnet.com\/pt-pt\/#\/schema\/logo\/image\/"}}]}},"uagb_featured_image_src":{"full":false,"thumbnail":false,"medium":false,"medium_large":false,"large":false,"1536x1536":false,"2048x2048":false},"uagb_author_info":{"display_name":"Lucisnet","author_link":"https:\/\/lucisnet.com\/pt-pt\/author\/admin\/"},"uagb_comment_info":0,"uagb_excerpt":"Quem somos O endere\u00e7o do nosso site \u00e9: https:\/\/lucisnet.com. Coment\u00e1rios Quando os visitantes deixam coment\u00e1rios no site, armazenamos os dados mostrados no formul\u00e1rio de coment\u00e1rios, bem como o endere\u00e7o IP do visitante e a string do agente de utilizador do navegador para ajudar na dete\u00e7\u00e3o de spam Uma string anonimizada criada a partir do seu&hellip;","_links":{"self":[{"href":"https:\/\/lucisnet.com\/pt-pt\/wp-json\/wp\/v2\/pages\/2725","targetHints":{"allow":["GET"]}}],"collection":[{"href":"https:\/\/lucisnet.com\/pt-pt\/wp-json\/wp\/v2\/pages"}],"about":[{"href":"https:\/\/lucisnet.com\/pt-pt\/wp-json\/wp\/v2\/types\/page"}],"author":[{"embeddable":true,"href":"https:\/\/lucisnet.com\/pt-pt\/wp-json\/wp\/v2\/users\/1"}],"replies":[{"embeddable":true,"href":"https:\/\/lucisnet.com\/pt-pt\/wp-json\/wp\/v2\/comments?post=2725"}],"version-history":[{"count":1,"href":"https:\/\/lucisnet.com\/pt-pt\/wp-json\/wp\/v2\/pages\/2725\/revisions"}],"predecessor-version":[{"id":2726,"href":"https:\/\/lucisnet.com\/pt-pt\/wp-json\/wp\/v2\/pages\/2725\/revisions\/2726"}],"wp:attachment":[{"href":"https:\/\/lucisnet.com\/pt-pt\/wp-json\/wp\/v2\/media?parent=2725"}],"curies":[{"name":"wp","href":"https:\/\/api.w.org\/{rel}","templated":true}]}}